{"id":38,"date":"2020-03-17T20:31:59","date_gmt":"2020-03-17T20:31:59","guid":{"rendered":"http:\/\/chokola.cl\/?page_id=38"},"modified":"2020-05-03T17:27:15","modified_gmt":"2020-05-03T17:27:15","slug":"about","status":"publish","type":"page","link":"https:\/\/chokola.cl\/index.php\/about\/","title":{"rendered":"Quienes somos"},"content":{"rendered":"\n<p>Chokola es una palabra maya que significa \u201cbeber chocolate juntos\u201d. El chocolate es nuestra principal materia prima y el objetivo es transformarlo en una experiencia para compartir.<\/p>\n\n\n\n<p>Nuestro trabajo est\u00e1 orientado a satisfacer requerimientos particulares, peque\u00f1os eventos, ceremonias, celebraciones. Abordamos estos como nuevos proyectos, con una propuesta personal y \u00fanica.<\/p>\n\n\n\n<p>Lorena C\u00e1ceres +56 9 74214199 lorena@chokola.cl<\/p>\n","protected":false},"excerpt":{"rendered":"<p>Chokola es una palabra maya que significa \u201cbeber chocolate juntos\u201d. El chocolate es nuestra principal materia prima y el objetivo es transformarlo en una experiencia para compartir. Nuestro trabajo est\u00e1 orientado a satisfacer requerimientos particulares, peque\u00f1os eventos, ceremonias, celebraciones. Abordamos estos como nuevos proyectos, con una propuesta personal y \u00fanica. Lorena C\u00e1ceres +56 9 74214199 &hellip; <\/p>\n<p class=\"link-more\"><a href=\"https:\/\/chokola.cl\/index.php\/about\/\" class=\"more-link\">Continua leyendo<span class=\"screen-reader-text\"> &#8220;Quienes somos&#8221;<\/span><\/a><\/p>\n","protected":false},"author":2,"featured_media":0,"parent":0,"menu_order":0,"comment_status":"closed","ping_status":"closed","template":"","meta":{"_acf_changed":false,"ngg_post_thumbnail":0,"footnotes":""},"class_list":["post-38","page","type-page","status-publish","hentry"],"acf":[],"_links":{"self":[{"href":"https:\/\/chokola.cl\/index.php\/wp-json\/wp\/v2\/pages\/38","targetHints":{"allow":["GET"]}}],"collection":[{"href":"https:\/\/chokola.cl\/index.php\/wp-json\/wp\/v2\/pages"}],"about":[{"href":"https:\/\/chokola.cl\/index.php\/wp-json\/wp\/v2\/types\/page"}],"author":[{"embeddable":true,"href":"https:\/\/chokola.cl\/index.php\/wp-json\/wp\/v2\/users\/2"}],"replies":[{"embeddable":true,"href":"https:\/\/chokola.cl\/index.php\/wp-json\/wp\/v2\/comments?post=38"}],"version-history":[{"count":4,"href":"https:\/\/chokola.cl\/index.php\/wp-json\/wp\/v2\/pages\/38\/revisions"}],"predecessor-version":[{"id":318,"href":"https:\/\/chokola.cl\/index.php\/wp-json\/wp\/v2\/pages\/38\/revisions\/318"}],"wp:attachment":[{"href":"https:\/\/chokola.cl\/index.php\/wp-json\/wp\/v2\/media?parent=38"}],"curies":[{"name":"wp","href":"https:\/\/api.w.org\/{rel}","templated":true}]}}