{"id":36,"date":"2020-03-17T20:24:02","date_gmt":"2020-03-17T20:24:02","guid":{"rendered":"http:\/\/chokola.cl\/?page_id=36"},"modified":"2020-05-03T16:27:59","modified_gmt":"2020-05-03T16:27:59","slug":"home","status":"publish","type":"page","link":"https:\/\/chokola.cl\/","title":{"rendered":"Inicio"},"content":{"rendered":"\n<h2 class=\"wp-block-heading\">chokola<\/h2>\n\n\n\n<p> <em>Bienvenidos a nuestro nuevo sitio. &nbsp;Aqu\u00ed podr\u00e1s mentenerte informado. &nbsp;Im\u00e1genes de nuestros productos en&nbsp;<\/em><a href=\"http:\/\/www.chokola.cl\/\">http:\/\/www.chokola.cl<\/a> <\/p>\n","protected":false},"excerpt":{"rendered":"<p>chokola Bienvenidos a nuestro nuevo sitio. &nbsp;Aqu\u00ed podr\u00e1s mentenerte informado. &nbsp;Im\u00e1genes de nuestros productos en&nbsp;http:\/\/www.chokola.cl<\/p>\n","protected":false},"author":2,"featured_media":0,"parent":0,"menu_order":0,"comment_status":"closed","ping_status":"closed","template":"","meta":{"_acf_changed":false,"ngg_post_thumbnail":0,"footnotes":""},"class_list":["post-36","page","type-page","status-publish","hentry"],"acf":[],"_links":{"self":[{"href":"https:\/\/chokola.cl\/index.php\/wp-json\/wp\/v2\/pages\/36","targetHints":{"allow":["GET"]}}],"collection":[{"href":"https:\/\/chokola.cl\/index.php\/wp-json\/wp\/v2\/pages"}],"about":[{"href":"https:\/\/chokola.cl\/index.php\/wp-json\/wp\/v2\/types\/page"}],"author":[{"embeddable":true,"href":"https:\/\/chokola.cl\/index.php\/wp-json\/wp\/v2\/users\/2"}],"replies":[{"embeddable":true,"href":"https:\/\/chokola.cl\/index.php\/wp-json\/wp\/v2\/comments?post=36"}],"version-history":[{"count":4,"href":"https:\/\/chokola.cl\/index.php\/wp-json\/wp\/v2\/pages\/36\/revisions"}],"predecessor-version":[{"id":316,"href":"https:\/\/chokola.cl\/index.php\/wp-json\/wp\/v2\/pages\/36\/revisions\/316"}],"wp:attachment":[{"href":"https:\/\/chokola.cl\/index.php\/wp-json\/wp\/v2\/media?parent=36"}],"curies":[{"name":"wp","href":"https:\/\/api.w.org\/{rel}","templated":true}]}}